{"id":33,"date":"2021-07-29T04:45:40","date_gmt":"2021-07-29T04:45:40","guid":{"rendered":"https:\/\/demoapus2.com\/freshen\/?page_id=33"},"modified":"2024-02-09T02:01:19","modified_gmt":"2024-02-09T05:01:19","slug":"a-neomundi","status":"publish","type":"page","link":"https:\/\/neomundibrasil.com.br\/home\/a-neomundi\/","title":{"rendered":"A Neomundi"},"content":{"rendered":"\t\t<div data-elementor-type=\"wp-page\" data-elementor-id=\"33\" class=\"elementor elementor-33\">\n\t\t\t\t\t\t<section class=\"elementor-section elementor-top-section elementor-element elementor-element-2cd83cb elementor-section-stretched elementor-section-boxed elementor-section-height-default elementor-section-height-default\" data-id=\"2cd83cb\" data-element_type=\"section\" data-settings=\"{&quot;stretch_section&quot;:&quot;section-stretched&quot;}\">\n\t\t\t\t\t\t<div class=\"elementor-container elementor-column-gap-extended\">\n\t\t\t\t\t<div class=\"elementor-column elementor-col-50 elementor-top-column elementor-element elementor-element-c704405\" data-id=\"c704405\" data-element_type=\"column\">\n\t\t\t<div class=\"elementor-widget-wrap elementor-element-populated\">\n\t\t\t\t\t\t<div class=\"elementor-element elementor-element-f200b68 elementor-widget elementor-widget-image\" data-id=\"f200b68\" data-element_type=\"widget\" data-widget_type=\"image.default\">\n\t\t\t\t<div class=\"elementor-widget-container\">\n\t\t\t\t\t\t\t\t\t\t\t\t\t\t<a href=\"#\">\n\t\t\t\t\t\t\t<img fetchpriority=\"high\" decoding=\"async\" width=\"1920\" height=\"1866\" src=\"https:\/\/neomundibrasil.com.br\/home\/wp-content\/uploads\/2024\/02\/neomundi-quemsomos.jpg\" class=\"attachment-full size-full wp-image-4875\" alt=\"\" srcset=\"https:\/\/neomundibrasil.com.br\/home\/wp-content\/uploads\/2024\/02\/neomundi-quemsomos.jpg 1920w, https:\/\/neomundibrasil.com.br\/home\/wp-content\/uploads\/2024\/02\/neomundi-quemsomos-300x292.jpg 300w, https:\/\/neomundibrasil.com.br\/home\/wp-content\/uploads\/2024\/02\/neomundi-quemsomos-1024x995.jpg 1024w, https:\/\/neomundibrasil.com.br\/home\/wp-content\/uploads\/2024\/02\/neomundi-quemsomos-768x746.jpg 768w, https:\/\/neomundibrasil.com.br\/home\/wp-content\/uploads\/2024\/02\/neomundi-quemsomos-1536x1493.jpg 1536w, https:\/\/neomundibrasil.com.br\/home\/wp-content\/uploads\/2024\/02\/neomundi-quemsomos-600x583.jpg 600w\" sizes=\"(max-width: 1920px) 100vw, 1920px\" \/>\t\t\t\t\t\t\t\t<\/a>\n\t\t\t\t\t\t\t\t\t\t\t\t\t<\/div>\n\t\t\t\t<\/div>\n\t\t\t\t<div class=\"elementor-element elementor-element-08bb3ae elementor-widget__width-auto elementor-absolute elementor-hidden-mobile elementor-widget elementor-widget-image\" data-id=\"08bb3ae\" data-element_type=\"widget\" data-settings=\"{&quot;_position&quot;:&quot;absolute&quot;}\" data-widget_type=\"image.default\">\n\t\t\t\t<div class=\"elementor-widget-container\">\n\t\t\t\t\t\t\t\t\t\t\t\t\t\t<a href=\"#\">\n\t\t\t\t\t\t\t<img decoding=\"async\" width=\"300\" height=\"291\" src=\"https:\/\/neomundibrasil.com.br\/home\/wp-content\/uploads\/2024\/02\/quemsomos-300x291.jpg\" class=\"attachment-medium size-medium wp-image-4877\" alt=\"\" srcset=\"https:\/\/neomundibrasil.com.br\/home\/wp-content\/uploads\/2024\/02\/quemsomos-300x291.jpg 300w, https:\/\/neomundibrasil.com.br\/home\/wp-content\/uploads\/2024\/02\/quemsomos-768x746.jpg 768w, https:\/\/neomundibrasil.com.br\/home\/wp-content\/uploads\/2024\/02\/quemsomos-600x583.jpg 600w, https:\/\/neomundibrasil.com.br\/home\/wp-content\/uploads\/2024\/02\/quemsomos.jpg 800w\" sizes=\"(max-width: 300px) 100vw, 300px\" \/>\t\t\t\t\t\t\t\t<\/a>\n\t\t\t\t\t\t\t\t\t\t\t\t\t<\/div>\n\t\t\t\t<\/div>\n\t\t\t\t\t<\/div>\n\t\t<\/div>\n\t\t\t\t<div class=\"elementor-column elementor-col-50 elementor-top-column elementor-element elementor-element-4d6560b\" data-id=\"4d6560b\" data-element_type=\"column\">\n\t\t\t<div class=\"elementor-widget-wrap elementor-element-populated\">\n\t\t\t\t\t\t<div class=\"elementor-element elementor-element-b520633 elementor-widget elementor-widget-heading\" data-id=\"b520633\" data-element_type=\"widget\" data-widget_type=\"heading.default\">\n\t\t\t\t<div class=\"elementor-widget-container\">\n\t\t\t<h2 class=\"elementor-heading-title elementor-size-default\">conhe\u00e7a a <span class=\"text-theme\">neomundi<\/span><\/h2>\t\t<\/div>\n\t\t\t\t<\/div>\n\t\t\t\t<div class=\"elementor-element elementor-element-e47d1d3 elementor-widget elementor-widget-heading\" data-id=\"e47d1d3\" data-element_type=\"widget\" data-widget_type=\"heading.default\">\n\t\t\t\t<div class=\"elementor-widget-container\">\n\t\t\t<h2 class=\"elementor-heading-title elementor-size-default\">Quem Somos?<\/h2>\t\t<\/div>\n\t\t\t\t<\/div>\n\t\t\t\t<div class=\"elementor-element elementor-element-0707060 elementor-widget elementor-widget-text-editor\" data-id=\"0707060\" data-element_type=\"widget\" data-widget_type=\"text-editor.default\">\n\t\t\t\t<div class=\"elementor-widget-container\">\n\t\t\t\t\t\t\t<p>Na Neomundi acreditamos no poder da educa\u00e7\u00e3o e no potencial ilimitado de cada aluno. Estamos empenhados em ser o parceiro confi\u00e1vel para todas as suas necessidades de materiais escolares, oferecendo produtos de qualidade superior, pre\u00e7os acess\u00edveis e um servi\u00e7o excepcional.<\/p><p>Com uma equipe dedicada e apaixonada, aqui na Neomundi trabalhamos incansavelmente para garantir que nossos clientes recebam o melhor atendimento e produtos que atendam \u00e0s suas necessidades espec\u00edficas.<\/p>\n<p>&nbsp;Temos orgulho em oferecer uma cole\u00e7\u00e3o diversificada de materiais escolares, e uma linha de escrit\u00f3rio completa, tudo projetado para enriquecer o ambiente de aprendizagem e de trabalho. Junte-se a n\u00f3s nesta jornada educacional e permita-nos ser sua escolha n\u00famero um para todos os seus materiais escolares essenciais.<\/p>\t\t\t\t\t\t<\/div>\n\t\t\t\t<\/div>\n\t\t\t\t\t<\/div>\n\t\t<\/div>\n\t\t\t\t\t<\/div>\n\t\t<\/section>\n\t\t\t\t<section class=\"elementor-section elementor-top-section elementor-element elementor-element-3722aac elementor-section-stretched elementor-section-boxed elementor-section-height-default elementor-section-height-default\" data-id=\"3722aac\" data-element_type=\"section\" data-settings=\"{&quot;stretch_section&quot;:&quot;section-stretched&quot;,&quot;background_background&quot;:&quot;classic&quot;}\">\n\t\t\t\t\t\t\t<div class=\"elementor-background-overlay\"><\/div>\n\t\t\t\t\t\t\t<div class=\"elementor-container elementor-column-gap-extended\">\n\t\t\t\t\t<div class=\"elementor-column elementor-col-50 elementor-top-column elementor-element elementor-element-44f6067\" data-id=\"44f6067\" data-element_type=\"column\">\n\t\t\t<div class=\"elementor-widget-wrap elementor-element-populated\">\n\t\t\t\t\t\t<div class=\"elementor-element elementor-element-f5fbf92 elementor-widget elementor-widget-heading\" data-id=\"f5fbf92\" data-element_type=\"widget\" data-widget_type=\"heading.default\">\n\t\t\t\t<div class=\"elementor-widget-container\">\n\t\t\t<h2 class=\"elementor-heading-title elementor-size-default\">nossa <span class=\"text-theme\">miss\u00e3o<\/span><\/h2>\t\t<\/div>\n\t\t\t\t<\/div>\n\t\t\t\t<div class=\"elementor-element elementor-element-e9cb300 elementor-widget elementor-widget-text-editor\" data-id=\"e9cb300\" data-element_type=\"widget\" data-widget_type=\"text-editor.default\">\n\t\t\t\t<div class=\"elementor-widget-container\">\n\t\t\t\t\t\t\t<p>Na Neomundi acreditamos que o acesso a materiais educacionais de qualidade \u00e9 essencial para o\u00a0sucesso acad\u00eamico. Nossa miss\u00e3o \u00e9 facilitar esse acesso, fornecendo uma sele\u00e7\u00e3o abrangente de produtos escolares sempre com o melhor custo x benef\u00edcio, apoiando o aprendizado e o crescimento de cada aluno.<br \/><br \/><\/p>\t\t\t\t\t\t<\/div>\n\t\t\t\t<\/div>\n\t\t\t\t\t<\/div>\n\t\t<\/div>\n\t\t\t\t<div class=\"elementor-column elementor-col-50 elementor-top-column elementor-element elementor-element-9fcf5e0\" data-id=\"9fcf5e0\" data-element_type=\"column\">\n\t\t\t<div class=\"elementor-widget-wrap elementor-element-populated\">\n\t\t\t\t\t\t<div class=\"elementor-element elementor-element-8378f0a elementor-widget elementor-widget-heading\" data-id=\"8378f0a\" data-element_type=\"widget\" data-widget_type=\"heading.default\">\n\t\t\t\t<div class=\"elementor-widget-container\">\n\t\t\t<h2 class=\"elementor-heading-title elementor-size-default\">responsabilidade <span class=\"text-theme\">ambiental<\/span><\/h2>\t\t<\/div>\n\t\t\t\t<\/div>\n\t\t\t\t<div class=\"elementor-element elementor-element-1c038db elementor-widget elementor-widget-text-editor\" data-id=\"1c038db\" data-element_type=\"widget\" data-widget_type=\"text-editor.default\">\n\t\t\t\t<div class=\"elementor-widget-container\">\n\t\t\t\t\t\t\t<p><span style=\"color: var(--freshen-text-color); font-family: var(--freshen-main-font), Helvetica, Arial, sans-serif; font-weight: var(--freshen-main-font-weight);\">Comprometemo-nos a dotar pr\u00e1ticas sustent\u00e1veis em nossa opera\u00e7\u00e3o, como\u00a0<\/span><span style=\"color: var(--freshen-text-color); font-family: var(--freshen-main-font), Helvetica, Arial, sans-serif; font-weight: var(--freshen-main-font-weight);\">\u00a0gera\u00e7\u00e3o da pr\u00f3pria energia e capta\u00e7\u00e3o de \u00e1gua das chuvas,\u00a0<\/span><span style=\"color: var(--freshen-text-color); font-family: var(--freshen-main-font), Helvetica, Arial, sans-serif; font-weight: var(--freshen-main-font-weight);\">buscando reduzir nosso impacto no meio ambiente. Acreditamos que, ao agir de forma respons\u00e1vel, contribu\u00edmos para u<\/span><span style=\"color: var(--freshen-text-color); font-family: var(--freshen-main-font), Helvetica, Arial, sans-serif; font-weight: var(--freshen-main-font-weight);\">m futuro melho.<\/span><\/p>\t\t\t\t\t\t<\/div>\n\t\t\t\t<\/div>\n\t\t\t\t\t<\/div>\n\t\t<\/div>\n\t\t\t\t\t<\/div>\n\t\t<\/section>\n\t\t\t\t<section class=\"elementor-section elementor-top-section elementor-element elementor-element-1917091 elementor-section-stretched elementor-section-boxed elementor-section-height-default elementor-section-height-default\" data-id=\"1917091\" data-element_type=\"section\" data-settings=\"{&quot;stretch_section&quot;:&quot;section-stretched&quot;}\">\n\t\t\t\t\t\t<div class=\"elementor-container elementor-column-gap-extended\">\n\t\t\t\t\t<div class=\"elementor-column elementor-col-100 elementor-top-column elementor-element elementor-element-30d7ce7\" data-id=\"30d7ce7\" data-element_type=\"column\">\n\t\t\t<div class=\"elementor-widget-wrap elementor-element-populated\">\n\t\t\t\t\t\t<div class=\"elementor-element elementor-element-bea1232 elementor-widget elementor-widget-heading\" data-id=\"bea1232\" data-element_type=\"widget\" data-widget_type=\"heading.default\">\n\t\t\t\t<div class=\"elementor-widget-container\">\n\t\t\t<h2 class=\"elementor-heading-title elementor-size-default\">neomundi <span class=\"text-theme\">brasil<\/span><\/h2>\t\t<\/div>\n\t\t\t\t<\/div>\n\t\t\t\t<div class=\"elementor-element elementor-element-a075385 elementor-widget elementor-widget-text-editor\" data-id=\"a075385\" data-element_type=\"widget\" data-widget_type=\"text-editor.default\">\n\t\t\t\t<div class=\"elementor-widget-container\">\n\t\t\t\t\t\t\tNa NEOMUNDI, estamos entusiasmados em fazer parte da jornada educacional de nossos clientes.Explore nossa variedade de materiais escolares e descubra como podemos tornar a experi\u00eancia de compra de suprimentos educacionais especiais, acess\u00edvel e prazerosa.\n\nObrigada por escolher a NEOMUNDI, ONDE A EDUCA\u00c7\u00c3O \u00c9 AGORA.\t\t\t\t\t\t<\/div>\n\t\t\t\t<\/div>\n\t\t\t\t\t<\/div>\n\t\t<\/div>\n\t\t\t\t\t<\/div>\n\t\t<\/section>\n\t\t\t\t<\/div>\n\t\t","protected":false},"excerpt":{"rendered":"<p>conhe\u00e7a a neomundi Quem Somos? Na Neomundi acreditamos no poder da educa\u00e7\u00e3o e no potencial ilimitado de cada aluno. Estamos empenhados em ser o parceiro confi\u00e1vel para todas as suas necessidades de materiais escolares, oferecendo produtos de qualidade superior, pre\u00e7os acess\u00edveis e um servi\u00e7o excepcional. Com uma equipe dedicada e apaixonada, aqui na Neomundi trabalhamos &hellip; <br \/><a href=\"https:\/\/neomundibrasil.com.br\/home\/a-neomundi\/\" class=\"more-link\">Continue reading <span class=\"screen-reader-text\">A Neomundi<\/span><\/a><\/p>\n","protected":false},"author":1,"featured_media":0,"parent":0,"menu_order":0,"comment_status":"closed","ping_status":"closed","template":"","meta":{"footnotes":""},"class_list":["post-33","page","type-page","status-publish","hentry"],"_links":{"self":[{"href":"https:\/\/neomundibrasil.com.br\/home\/wp-json\/wp\/v2\/pages\/33","targetHints":{"allow":["GET"]}}],"collection":[{"href":"https:\/\/neomundibrasil.com.br\/home\/wp-json\/wp\/v2\/pages"}],"about":[{"href":"https:\/\/neomundibrasil.com.br\/home\/wp-json\/wp\/v2\/types\/page"}],"author":[{"embeddable":true,"href":"https:\/\/neomundibrasil.com.br\/home\/wp-json\/wp\/v2\/users\/1"}],"replies":[{"embeddable":true,"href":"https:\/\/neomundibrasil.com.br\/home\/wp-json\/wp\/v2\/comments?post=33"}],"version-history":[{"count":19,"href":"https:\/\/neomundibrasil.com.br\/home\/wp-json\/wp\/v2\/pages\/33\/revisions"}],"predecessor-version":[{"id":4894,"href":"https:\/\/neomundibrasil.com.br\/home\/wp-json\/wp\/v2\/pages\/33\/revisions\/4894"}],"wp:attachment":[{"href":"https:\/\/neomundibrasil.com.br\/home\/wp-json\/wp\/v2\/media?parent=33"}],"curies":[{"name":"wp","href":"https:\/\/api.w.org\/{rel}","templated":true}]}}